{"id":234049,"date":"2020-01-27T20:15:11","date_gmt":"2020-01-27T20:15:11","guid":{"rendered":"https:\/\/zenduit.com\/?page_id=24926"},"modified":"2025-11-05T09:22:34","modified_gmt":"2025-11-05T09:22:34","slug":"contact","status":"publish","type":"page","link":"https:\/\/apps7.devmaverick.com\/newzenduit\/es\/contact\/","title":{"rendered":"Cont\u00e1ctanos"},"content":{"rendered":"\n<div style=\"background-image:url(&apos;https:\/\/apps7.devmaverick.com\/newzenduit\/wp-content\/uploads\/2025\/02\/about-top-bg.png&apos;);background-position:50% 50%;background-size:cover;\" class=\"wp-block-group dm-hero-page has-very-light-blue-background-color has-background is-vertical is-content-justification-center is-layout-flex wp-container-core-group-is-layout-bd94650c wp-block-group-is-layout-flex\">\n<div class=\"wp-block-group is-layout-constrained wp-container-core-group-is-layout-92ef7b19 wp-block-group-is-layout-constrained\">\n<h1 class=\"wp-block-heading has-text-align-center dm-page-main-title\">Cont\u00e1ctanos<br>\u00a1Estamos aqu\u00ed para ayudarte!<br><\/h1>\n<\/div>\n<\/div>\n\n\n\n<div class=\"container dm-container alignfull dm-section wp-block-dmblocks-container\" >\n  \n\n<div class=\"wp-block-columns is-layout-flex wp-container-core-columns-is-layout-14cf5ab5 wp-block-columns-is-layout-flex\">\n<div class=\"wp-block-column is-layout-flow wp-block-column-is-layout-flow\">\n<h3 class=\"wp-block-heading\">Nuestras oficinas en todo el mundo<\/h3>\n\n\n\n<div class=\"wp-block-group dm-contact-details-grid is-layout-grid wp-container-core-group-is-layout-df41d55c wp-block-group-is-layout-grid\" style=\"margin-top:var(--wp--preset--spacing--50)\">\n<div class=\"wp-block-group is-vertical is-layout-flex wp-container-core-group-is-layout-fe9cc265 wp-block-group-is-layout-flex\">\n<figure class=\"wp-block-image size-full\"><img loading=\"lazy\" decoding=\"async\" width=\"784\" height=\"784\" src=\"https:\/\/apps7.devmaverick.com\/newzenduit\/wp-content\/uploads\/2025\/02\/contact-bot.png\" alt=\"\" class=\"wp-image-234016\" srcset=\"https:\/\/apps7.devmaverick.com\/newzenduit\/wp-content\/uploads\/2025\/02\/contact-bot.png 784w, https:\/\/apps7.devmaverick.com\/newzenduit\/wp-content\/uploads\/2025\/02\/contact-bot-600x600.png 600w, https:\/\/apps7.devmaverick.com\/newzenduit\/wp-content\/uploads\/2025\/02\/contact-bot-150x150.png 150w, https:\/\/apps7.devmaverick.com\/newzenduit\/wp-content\/uploads\/2025\/02\/contact-bot-300x300.png 300w, https:\/\/apps7.devmaverick.com\/newzenduit\/wp-content\/uploads\/2025\/02\/contact-bot-768x768.png 768w, https:\/\/apps7.devmaverick.com\/newzenduit\/wp-content\/uploads\/2025\/02\/contact-bot-500x500.png 500w, https:\/\/apps7.devmaverick.com\/newzenduit\/wp-content\/uploads\/2025\/02\/contact-bot-200x200.png 200w, https:\/\/apps7.devmaverick.com\/newzenduit\/wp-content\/uploads\/2025\/02\/contact-bot-450x450.png 450w\" sizes=\"auto, (max-width: 784px) 100vw, 784px\" \/><\/figure>\n\n\n\n<div class=\"wp-block-group dm-contact-item is-nowrap is-layout-flex wp-container-core-group-is-layout-f1189ed3 wp-block-group-is-layout-flex\">\n<figure class=\"wp-block-image size-full is-resized\"><img loading=\"lazy\" decoding=\"async\" width=\"60\" height=\"60\" src=\"https:\/\/apps7.devmaverick.com\/newzenduit\/wp-content\/uploads\/2025\/02\/Phone.png\" alt=\"\" class=\"wp-image-234017\" style=\"width:30px\"\/><\/figure>\n\n\n\n<div class=\"wp-block-group is-vertical is-layout-flex wp-container-core-group-is-layout-fe9cc265 wp-block-group-is-layout-flex\">\n<p><strong><strong>Tel\u00e9fono<\/strong><\/strong><br><a href=\"tel:1.855.936.3848\">1.855.936.3848<\/a><\/p>\n<\/div>\n<\/div>\n\n\n\n<div class=\"wp-block-group dm-contact-item is-nowrap is-layout-flex wp-container-core-group-is-layout-f1189ed3 wp-block-group-is-layout-flex\">\n<figure class=\"wp-block-image size-full is-resized\"><img loading=\"lazy\" decoding=\"async\" width=\"60\" height=\"61\" src=\"https:\/\/apps7.devmaverick.com\/newzenduit\/wp-content\/uploads\/2025\/02\/EnvelopeSimpleOpen.png\" alt=\"\" class=\"wp-image-234018\" style=\"width:30px\"\/><\/figure>\n\n\n\n<div class=\"wp-block-group is-vertical is-layout-flex wp-container-core-group-is-layout-fe9cc265 wp-block-group-is-layout-flex\">\n<p><strong>Correo electr\u00f3nico<\/strong><br><a href=\"mailto:support@zenduit.com\">support@zenduit.com<\/a><\/p>\n<\/div>\n<\/div>\n<\/div>\n\n\n\n<div class=\"wp-block-group is-vertical is-layout-flex wp-container-core-group-is-layout-fe9cc265 wp-block-group-is-layout-flex\">\n<h5 class=\"wp-block-heading\"><strong>Atendiendo a clientes en todo el mundo<\/strong><\/h5>\n\n\n\n<div class=\"wp-block-group is-vertical is-layout-flex wp-container-core-group-is-layout-355c4241 wp-block-group-is-layout-flex\">\n<div class=\"wp-block-group is-vertical is-layout-flex wp-container-core-group-is-layout-98bb686d wp-block-group-is-layout-flex\">\n<p><strong>M\u00e9xico<\/strong><br>Alica 18, PH2<br>Molino Del Rey, Del. 11000<\/p>\n\n\n\n<div class=\"wp-block-group is-horizontal is-nowrap is-layout-flex wp-container-core-group-is-layout-eb383e5b wp-block-group-is-layout-flex\">\n<p><a href=\"https:\/\/www.google.com\/maps\/place\/Alica+18,+Molino+del+Rey,+Miguel+Hidalgo,+11000+Ciudad+de+M%C3%A9xico,+CDMX,+Mexic\/@19.4244085,-99.2030082,17z\/data=!3m1!4b1!4m6!3m5!1s0x85d201f731e450d9:0x5c8180264023078a!8m2!3d19.4244085!4d-99.2030082!16s%2Fg%2F11c43y44p4?entry=ttu&amp;g_ep=EgoyMDI1MDMxOS4yIKXMDSoASAFQAw%3D%3D\" target=\"_blank\" rel=\"noreferrer noopener nofollow\">View Map<\/a><\/p>\n\n\n\n<figure class=\"wp-block-image size-full is-resized d-flex\"><img loading=\"lazy\" decoding=\"async\" width=\"32\" height=\"33\" src=\"https:\/\/apps7.devmaverick.com\/newzenduit\/wp-content\/uploads\/2025\/02\/maximize.png\" alt=\"\" class=\"wp-image-234019\" style=\"width:16px\"\/><\/figure>\n<\/div>\n<\/div>\n\n\n\n<div class=\"wp-block-group is-vertical is-layout-flex wp-container-core-group-is-layout-98bb686d wp-block-group-is-layout-flex\">\n<p><strong>Mississauga, Canad\u00e1<br><\/strong>2355 Skymark Ave, 1st Floor,\u2028Mississauga, ON L4W 4Y6, Canada<\/p>\n\n\n\n<div class=\"wp-block-group is-nowrap is-layout-flex wp-container-core-group-is-layout-f1189ed3 wp-block-group-is-layout-flex\">\n<p><a href=\"https:\/\/maps.app.goo.gl\/kFx8XYKydG9WVnr79\" target=\"_blank\" rel=\"noreferrer noopener nofollow\">View Map<\/a><\/p>\n\n\n\n<figure class=\"wp-block-image size-full is-resized d-flex\"><img loading=\"lazy\" decoding=\"async\" width=\"32\" height=\"33\" src=\"https:\/\/apps7.devmaverick.com\/newzenduit\/wp-content\/uploads\/2025\/02\/maximize.png\" alt=\"\" class=\"wp-image-234019\" style=\"width:16px\"\/><\/figure>\n<\/div>\n<\/div>\n\n\n\n<div class=\"wp-block-group is-vertical is-layout-flex wp-container-core-group-is-layout-98bb686d wp-block-group-is-layout-flex\">\n<p><strong>Emiratos \u00c1rabes Unidos<br><\/strong>Building 8W \u2013 Unit 562, Block A, Dubai Airport Freezone, Dubai, UAE<\/p>\n\n\n\n<div class=\"wp-block-group is-nowrap is-layout-flex wp-container-core-group-is-layout-f1189ed3 wp-block-group-is-layout-flex\">\n<p><a href=\"#\">View Map<\/a><\/p>\n\n\n\n<figure class=\"wp-block-image size-full is-resized d-flex\"><img loading=\"lazy\" decoding=\"async\" width=\"32\" height=\"33\" src=\"https:\/\/apps7.devmaverick.com\/newzenduit\/wp-content\/uploads\/2025\/02\/maximize.png\" alt=\"\" class=\"wp-image-234019\" style=\"width:16px\"\/><\/figure>\n<\/div>\n<\/div>\n<\/div>\n<\/div>\n<\/div>\n<\/div>\n\n\n\n<div class=\"wp-block-column is-layout-flow wp-container-core-column-is-layout-22223934 wp-block-column-is-layout-flow\">\n<h3 class=\"wp-block-heading has-text-align-center\">Ponte en contacto<\/h3>\n\n\n\n<p class=\"has-text-align-center\" style=\"margin-bottom:var(--wp--preset--spacing--40)\">Escr\u00edbenos para consultas o m\u00e1s informaci\u00f3n.<\/p>\n\n\n        <script>if (typeof surveyAssetsBase == \"undefined\") {var surveyAssetsBase = \"https:\/\/apps7.devmaverick.com\/newzenduit\/wp-content\/plugins\/dm-go-zoho-forms\/assets\/images\/surveys\/blue\/\";}if (typeof offerZenducamSurveyAssetsBase == \"undefined\") {var offerZenducamSurveyAssetsBase = \"https:\/\/apps7.devmaverick.com\/newzenduit\/wp-content\/plugins\/dm-go-zoho-forms\/assets\/images\/survey-offer-zenducam\/\";}if (typeof gofleetJun2023AssetBase == \"undefined\") {var gofleetJun2023AssetBase = \"https:\/\/apps7.devmaverick.com\/newzenduit\/wp-content\/plugins\/dm-go-zoho-forms\/assets\/images\/survey-gofleet-jun-2023\/\";}if (typeof zohoFormsPluginVersion == \"undefined\") {var zohoFormsPluginVersion = \"3.08.33\";}if (typeof zohoFormsTwitterBootstrapVersion == \"undefined\") {var zohoFormsTwitterBootstrapVersion = 5;}if (typeof formsTheme == \"undefined\") {var formsTheme = \"blue\";}if (typeof serverVariablesChecked == \"undefined\") {var serverVariablesChecked = false;}                if(typeof zohoForms == \"undefined\") {            var zohoForms = [];        }zohoForms.push(234085);if(typeof zohoFormsTypes == \"undefined\") {            var zohoFormsTypes = [];        }zohoFormsTypes[234085] = \"regular\";if(typeof preventResubmitForms == \"undefined\") {            var preventResubmitForms = [];        }preventResubmitForms[99999999] = \"99999999\";if(typeof zohoFormsTriggerClasses == \"undefined\") {            var zohoFormsTriggerClasses = [];        }zohoFormsTriggerClasses[234085] = \"\";if(typeof zohoFormsTurnstileEnabled == \"undefined\") {            var zohoFormsTurnstileEnabled = false;        }if(typeof zohoFormsTurnstileSiteKey == \"undefined\") {            var zohoFormsTurnstileSiteKey = \"\";        }        <\/script>        <div id=\"zoho-form-234085\"><\/div>\n<\/div>\n<\/div>\n\n\n\n<div style=\"background-image:url(&apos;https:\/\/apps7.devmaverick.com\/newzenduit\/wp-content\/uploads\/2025\/01\/cta-bg.png&apos;);background-position:50% 50%;background-size:cover;\" class=\"dm-cta dm-section-margin wp-elements-131f12c09c334b780d2205bf25012a68 wp-block-dmblocks-cta has-text-color has-white-color has-background has-brand-background-color\">\n    <div class=\"dm-cta-wrap\">\n                    <span>Con\u00e9ctate con nosotros<\/span>\n        \n                    <h2>Tu soluci\u00f3n integral para el \u00e9xito de tu flota<\/h2>\n            <\/div>\n    \n\n<div class=\"dm-checkmarks dm-checkmarks-center dm-checkmarks-row aligncenter wp-elements-925620f6a4d5a351ddd8afbae75f6709 wp-block-dmblocks-checkmarks has-text-color has-white-color\">\n    \n\n<div class=\"dm-checkmark-item text-left\">\n    <span>\n        <svg\n            width=\"24\"\n            height=\"24\"\n            viewBox=\"0 0 24 24\"\n            fill=\"none\"\n            xmlns=\"http:\/\/www.w3.org\/2000\/svg\">\n            <path\n                d=\"M21.9 11.6C21.9 16.9019 17.6019 21.2 12.3 21.2C6.99802 21.2 2.69995 16.9019 2.69995 11.6C2.69995 6.29807 6.99802 2 12.3 2C13.8061 2 15.2313 2.34687 16.5 2.96508M20.1 5.6L11.7 14L9.29995 11.6\"\n                stroke=\"var(--wp--preset--color--white)\"\n                stroke-width=\"2\"\n                stroke-linecap=\"round\"\n                stroke-linejoin=\"round\" \/>\n        <\/svg>\n    <\/span>\n    <span>Reduce el riesgo<\/span>\n<\/div>\n\n\n\n<div class=\"dm-checkmark-item text-left\">\n    <span>\n        <svg\n            width=\"24\"\n            height=\"24\"\n            viewBox=\"0 0 24 24\"\n            fill=\"none\"\n            xmlns=\"http:\/\/www.w3.org\/2000\/svg\">\n            <path\n                d=\"M21.9 11.6C21.9 16.9019 17.6019 21.2 12.3 21.2C6.99802 21.2 2.69995 16.9019 2.69995 11.6C2.69995 6.29807 6.99802 2 12.3 2C13.8061 2 15.2313 2.34687 16.5 2.96508M20.1 5.6L11.7 14L9.29995 11.6\"\n                stroke=\"var(--wp--preset--color--white)\"\n                stroke-width=\"2\"\n                stroke-linecap=\"round\"\n                stroke-linejoin=\"round\" \/>\n        <\/svg>\n    <\/span>\n    <span>Reduce costos<\/span>\n<\/div>\n\n\n\n<div class=\"dm-checkmark-item text-left\">\n    <span>\n        <svg\n            width=\"24\"\n            height=\"24\"\n            viewBox=\"0 0 24 24\"\n            fill=\"none\"\n            xmlns=\"http:\/\/www.w3.org\/2000\/svg\">\n            <path\n                d=\"M21.9 11.6C21.9 16.9019 17.6019 21.2 12.3 21.2C6.99802 21.2 2.69995 16.9019 2.69995 11.6C2.69995 6.29807 6.99802 2 12.3 2C13.8061 2 15.2313 2.34687 16.5 2.96508M20.1 5.6L11.7 14L9.29995 11.6\"\n                stroke=\"var(--wp--preset--color--white)\"\n                stroke-width=\"2\"\n                stroke-linecap=\"round\"\n                stroke-linejoin=\"round\" \/>\n        <\/svg>\n    <\/span>\n    <span>Reduce la complejidad<\/span>\n<\/div>\n\n<\/div>\n\n\n\n<div class=\"wp-block-buttons is-content-justification-center is-layout-flex wp-container-core-buttons-is-layout-a89b3969 wp-block-buttons-is-layout-flex\">\n<div class=\"wp-block-button trigger-vue-form-modal product-request-demo\"><a class=\"wp-block-button__link has-brand-color has-white-background-color has-text-color has-background has-link-color wp-element-button\">Solicitar una demostraci\u00f3n<\/a><\/div>\n\n\n\n<div class=\"wp-block-button is-style-outline is-style-outline--1\"><a class=\"wp-block-button__link has-white-color has-text-color has-link-color wp-element-button\" href=\"https:\/\/apps7.devmaverick.com\/newzenduit\/contact\/\">Contacto<\/a><\/div>\n<\/div>\n\n<\/div>\n\n\n<\/div>\n","protected":false},"excerpt":{"rendered":"<p>Cont\u00e1ctanos\u00a1Estamos aqu\u00ed para ayudarte!<\/p>\n","protected":false},"author":2,"featured_media":0,"parent":0,"menu_order":0,"comment_status":"closed","ping_status":"closed","template":"","meta":{"_acf_changed":false,"footnotes":""},"class_list":["post-234049","page","type-page","status-publish","hentry"],"acf":[],"yoast_head":"<!-- This site is optimized with the Yoast SEO plugin v26.8 - https:\/\/yoast.com\/product\/yoast-seo-wordpress\/ -->\n<title>Contacto ZenduIT \u2013 Soporte al Cliente de ZenduIT<\/title>\n<meta name=\"description\" content=\"\u00a1Nuestro equipo est\u00e1 encantado de ayudarte!Ll\u00e1manos al 1.855.936.3848, env\u00edanos un mensaje completando el formulario, escr\u00edbenos a servicedesk@zenduit.com o vis\u00edtanos en una de nuestras ubicaciones.\" \/>\n<meta name=\"robots\" content=\"noindex, follow, max-snippet:-1, max-image-preview:large, max-video-preview:-1\" \/>\n<meta property=\"og:locale\" content=\"en_US\" \/>\n<meta property=\"og:type\" content=\"article\" \/>\n<meta property=\"og:title\" content=\"Contacto ZenduIT \u2013 Soporte al Cliente de ZenduIT\" \/>\n<meta property=\"og:description\" content=\"\u00a1Nuestro equipo est\u00e1 encantado de ayudarte!Ll\u00e1manos al 1.855.936.3848, env\u00edanos un mensaje completando el formulario, escr\u00edbenos a servicedesk@zenduit.com o vis\u00edtanos en una de nuestras ubicaciones.\" \/>\n<meta property=\"og:url\" content=\"https:\/\/apps7.devmaverick.com\/newzenduit\/es\/contact\/\" \/>\n<meta property=\"og:site_name\" content=\"ZenduIT\" \/>\n<meta property=\"article:publisher\" content=\"https:\/\/www.facebook.com\/Zenduit\/\" \/>\n<meta property=\"article:modified_time\" content=\"2025-11-05T09:22:34+00:00\" \/>\n<meta property=\"og:image\" content=\"https:\/\/apps7.devmaverick.com\/newzenduit\/wp-content\/uploads\/2025\/02\/contact-bot.png\" \/>\n\t<meta property=\"og:image:width\" content=\"784\" \/>\n\t<meta property=\"og:image:height\" content=\"784\" \/>\n\t<meta property=\"og:image:type\" content=\"image\/png\" \/>\n<meta name=\"twitter:card\" content=\"summary_large_image\" \/>\n<meta name=\"twitter:site\" content=\"@zenduit\" \/>\n<meta name=\"twitter:label1\" content=\"Est. reading time\" \/>\n\t<meta name=\"twitter:data1\" content=\"2 minutes\" \/>\n<script type=\"application\/ld+json\" class=\"yoast-schema-graph\">{\"@context\":\"https:\/\/schema.org\",\"@graph\":[{\"@type\":\"WebPage\",\"@id\":\"https:\/\/apps7.devmaverick.com\/newzenduit\/es\/contact\/\",\"url\":\"https:\/\/apps7.devmaverick.com\/newzenduit\/es\/contact\/\",\"name\":\"Contacto ZenduIT \u2013 Soporte al Cliente de ZenduIT\",\"isPartOf\":{\"@id\":\"https:\/\/apps7.devmaverick.com\/newzenduit\/#website\"},\"primaryImageOfPage\":{\"@id\":\"https:\/\/apps7.devmaverick.com\/newzenduit\/es\/contact\/#primaryimage\"},\"image\":{\"@id\":\"https:\/\/apps7.devmaverick.com\/newzenduit\/es\/contact\/#primaryimage\"},\"thumbnailUrl\":\"https:\/\/apps7.devmaverick.com\/newzenduit\/wp-content\/uploads\/2025\/02\/contact-bot.png\",\"datePublished\":\"2020-01-27T20:15:11+00:00\",\"dateModified\":\"2025-11-05T09:22:34+00:00\",\"description\":\"\u00a1Nuestro equipo est\u00e1 encantado de ayudarte!Ll\u00e1manos al 1.855.936.3848, env\u00edanos un mensaje completando el formulario, escr\u00edbenos a servicedesk@zenduit.com o vis\u00edtanos en una de nuestras ubicaciones.\",\"breadcrumb\":{\"@id\":\"https:\/\/apps7.devmaverick.com\/newzenduit\/es\/contact\/#breadcrumb\"},\"inLanguage\":\"en-US\",\"potentialAction\":[{\"@type\":\"ReadAction\",\"target\":[\"https:\/\/apps7.devmaverick.com\/newzenduit\/es\/contact\/\"]}]},{\"@type\":\"ImageObject\",\"inLanguage\":\"en-US\",\"@id\":\"https:\/\/apps7.devmaverick.com\/newzenduit\/es\/contact\/#primaryimage\",\"url\":\"https:\/\/apps7.devmaverick.com\/newzenduit\/wp-content\/uploads\/2025\/02\/contact-bot.png\",\"contentUrl\":\"https:\/\/apps7.devmaverick.com\/newzenduit\/wp-content\/uploads\/2025\/02\/contact-bot.png\",\"width\":784,\"height\":784},{\"@type\":\"BreadcrumbList\",\"@id\":\"https:\/\/apps7.devmaverick.com\/newzenduit\/es\/contact\/#breadcrumb\",\"itemListElement\":[{\"@type\":\"ListItem\",\"position\":1,\"name\":\"Home\",\"item\":\"https:\/\/apps7.devmaverick.com\/newzenduit\/\"},{\"@type\":\"ListItem\",\"position\":2,\"name\":\"Cont\u00e1ctanos\"}]},{\"@type\":\"WebSite\",\"@id\":\"https:\/\/apps7.devmaverick.com\/newzenduit\/#website\",\"url\":\"https:\/\/apps7.devmaverick.com\/newzenduit\/\",\"name\":\"ZenduIT\",\"description\":\"Innovative IoT Solutions\",\"publisher\":{\"@id\":\"https:\/\/apps7.devmaverick.com\/newzenduit\/#organization\"},\"potentialAction\":[{\"@type\":\"SearchAction\",\"target\":{\"@type\":\"EntryPoint\",\"urlTemplate\":\"https:\/\/apps7.devmaverick.com\/newzenduit\/?s={search_term_string}\"},\"query-input\":{\"@type\":\"PropertyValueSpecification\",\"valueRequired\":true,\"valueName\":\"search_term_string\"}}],\"inLanguage\":\"en-US\"},{\"@type\":\"Organization\",\"@id\":\"https:\/\/apps7.devmaverick.com\/newzenduit\/#organization\",\"name\":\"ZenduIT\",\"url\":\"https:\/\/apps7.devmaverick.com\/newzenduit\/\",\"logo\":{\"@type\":\"ImageObject\",\"inLanguage\":\"en-US\",\"@id\":\"https:\/\/apps7.devmaverick.com\/newzenduit\/#\/schema\/logo\/image\/\",\"url\":\"https:\/\/apps7.devmaverick.com\/newzenduit\/wp-content\/uploads\/2019\/11\/zenduit-logo1.png\",\"contentUrl\":\"https:\/\/apps7.devmaverick.com\/newzenduit\/wp-content\/uploads\/2019\/11\/zenduit-logo1.png\",\"width\":300,\"height\":53,\"caption\":\"ZenduIT\"},\"image\":{\"@id\":\"https:\/\/apps7.devmaverick.com\/newzenduit\/#\/schema\/logo\/image\/\"},\"sameAs\":[\"https:\/\/www.facebook.com\/Zenduit\/\",\"https:\/\/x.com\/zenduit\",\"https:\/\/www.linkedin.com\/company\/zenduit\/\",\"https:\/\/www.youtube.com\/channel\/UCTTLItsYt8vnta7VOzbIQug\"]}]}<\/script>\n<!-- \/ Yoast SEO plugin. -->","yoast_head_json":{"title":"Contacto ZenduIT \u2013 Soporte al Cliente de ZenduIT","description":"\u00a1Nuestro equipo est\u00e1 encantado de ayudarte!Ll\u00e1manos al 1.855.936.3848, env\u00edanos un mensaje completando el formulario, escr\u00edbenos a servicedesk@zenduit.com o vis\u00edtanos en una de nuestras ubicaciones.","robots":{"index":"noindex","follow":"follow","max-snippet":"max-snippet:-1","max-image-preview":"max-image-preview:large","max-video-preview":"max-video-preview:-1"},"og_locale":"en_US","og_type":"article","og_title":"Contacto ZenduIT \u2013 Soporte al Cliente de ZenduIT","og_description":"\u00a1Nuestro equipo est\u00e1 encantado de ayudarte!Ll\u00e1manos al 1.855.936.3848, env\u00edanos un mensaje completando el formulario, escr\u00edbenos a servicedesk@zenduit.com o vis\u00edtanos en una de nuestras ubicaciones.","og_url":"https:\/\/apps7.devmaverick.com\/newzenduit\/es\/contact\/","og_site_name":"ZenduIT","article_publisher":"https:\/\/www.facebook.com\/Zenduit\/","article_modified_time":"2025-11-05T09:22:34+00:00","og_image":[{"width":784,"height":784,"url":"https:\/\/apps7.devmaverick.com\/newzenduit\/wp-content\/uploads\/2025\/02\/contact-bot.png","type":"image\/png"}],"twitter_card":"summary_large_image","twitter_site":"@zenduit","twitter_misc":{"Est. reading time":"2 minutes"},"schema":{"@context":"https:\/\/schema.org","@graph":[{"@type":"WebPage","@id":"https:\/\/apps7.devmaverick.com\/newzenduit\/es\/contact\/","url":"https:\/\/apps7.devmaverick.com\/newzenduit\/es\/contact\/","name":"Contacto ZenduIT \u2013 Soporte al Cliente de ZenduIT","isPartOf":{"@id":"https:\/\/apps7.devmaverick.com\/newzenduit\/#website"},"primaryImageOfPage":{"@id":"https:\/\/apps7.devmaverick.com\/newzenduit\/es\/contact\/#primaryimage"},"image":{"@id":"https:\/\/apps7.devmaverick.com\/newzenduit\/es\/contact\/#primaryimage"},"thumbnailUrl":"https:\/\/apps7.devmaverick.com\/newzenduit\/wp-content\/uploads\/2025\/02\/contact-bot.png","datePublished":"2020-01-27T20:15:11+00:00","dateModified":"2025-11-05T09:22:34+00:00","description":"\u00a1Nuestro equipo est\u00e1 encantado de ayudarte!Ll\u00e1manos al 1.855.936.3848, env\u00edanos un mensaje completando el formulario, escr\u00edbenos a servicedesk@zenduit.com o vis\u00edtanos en una de nuestras ubicaciones.","breadcrumb":{"@id":"https:\/\/apps7.devmaverick.com\/newzenduit\/es\/contact\/#breadcrumb"},"inLanguage":"en-US","potentialAction":[{"@type":"ReadAction","target":["https:\/\/apps7.devmaverick.com\/newzenduit\/es\/contact\/"]}]},{"@type":"ImageObject","inLanguage":"en-US","@id":"https:\/\/apps7.devmaverick.com\/newzenduit\/es\/contact\/#primaryimage","url":"https:\/\/apps7.devmaverick.com\/newzenduit\/wp-content\/uploads\/2025\/02\/contact-bot.png","contentUrl":"https:\/\/apps7.devmaverick.com\/newzenduit\/wp-content\/uploads\/2025\/02\/contact-bot.png","width":784,"height":784},{"@type":"BreadcrumbList","@id":"https:\/\/apps7.devmaverick.com\/newzenduit\/es\/contact\/#breadcrumb","itemListElement":[{"@type":"ListItem","position":1,"name":"Home","item":"https:\/\/apps7.devmaverick.com\/newzenduit\/"},{"@type":"ListItem","position":2,"name":"Cont\u00e1ctanos"}]},{"@type":"WebSite","@id":"https:\/\/apps7.devmaverick.com\/newzenduit\/#website","url":"https:\/\/apps7.devmaverick.com\/newzenduit\/","name":"ZenduIT","description":"Innovative IoT Solutions","publisher":{"@id":"https:\/\/apps7.devmaverick.com\/newzenduit\/#organization"},"potentialAction":[{"@type":"SearchAction","target":{"@type":"EntryPoint","urlTemplate":"https:\/\/apps7.devmaverick.com\/newzenduit\/?s={search_term_string}"},"query-input":{"@type":"PropertyValueSpecification","valueRequired":true,"valueName":"search_term_string"}}],"inLanguage":"en-US"},{"@type":"Organization","@id":"https:\/\/apps7.devmaverick.com\/newzenduit\/#organization","name":"ZenduIT","url":"https:\/\/apps7.devmaverick.com\/newzenduit\/","logo":{"@type":"ImageObject","inLanguage":"en-US","@id":"https:\/\/apps7.devmaverick.com\/newzenduit\/#\/schema\/logo\/image\/","url":"https:\/\/apps7.devmaverick.com\/newzenduit\/wp-content\/uploads\/2019\/11\/zenduit-logo1.png","contentUrl":"https:\/\/apps7.devmaverick.com\/newzenduit\/wp-content\/uploads\/2019\/11\/zenduit-logo1.png","width":300,"height":53,"caption":"ZenduIT"},"image":{"@id":"https:\/\/apps7.devmaverick.com\/newzenduit\/#\/schema\/logo\/image\/"},"sameAs":["https:\/\/www.facebook.com\/Zenduit\/","https:\/\/x.com\/zenduit","https:\/\/www.linkedin.com\/company\/zenduit\/","https:\/\/www.youtube.com\/channel\/UCTTLItsYt8vnta7VOzbIQug"]}]}},"lang":"es","translations":{"es":234049,"en":24926},"pll_sync_post":[],"_links":{"self":[{"href":"https:\/\/apps7.devmaverick.com\/newzenduit\/wp-json\/wp\/v2\/pages\/234049","targetHints":{"allow":["GET"]}}],"collection":[{"href":"https:\/\/apps7.devmaverick.com\/newzenduit\/wp-json\/wp\/v2\/pages"}],"about":[{"href":"https:\/\/apps7.devmaverick.com\/newzenduit\/wp-json\/wp\/v2\/types\/page"}],"author":[{"embeddable":true,"href":"https:\/\/apps7.devmaverick.com\/newzenduit\/wp-json\/wp\/v2\/users\/2"}],"replies":[{"embeddable":true,"href":"https:\/\/apps7.devmaverick.com\/newzenduit\/wp-json\/wp\/v2\/comments?post=234049"}],"version-history":[{"count":6,"href":"https:\/\/apps7.devmaverick.com\/newzenduit\/wp-json\/wp\/v2\/pages\/234049\/revisions"}],"predecessor-version":[{"id":236205,"href":"https:\/\/apps7.devmaverick.com\/newzenduit\/wp-json\/wp\/v2\/pages\/234049\/revisions\/236205"}],"wp:attachment":[{"href":"https:\/\/apps7.devmaverick.com\/newzenduit\/wp-json\/wp\/v2\/media?parent=234049"}],"curies":[{"name":"wp","href":"https:\/\/api.w.org\/{rel}","templated":true}]}}